{"id":40,"date":"2015-05-05T12:59:59","date_gmt":"2015-05-05T12:59:59","guid":{"rendered":"https:\/\/kaokella.ee\/tutvustus-2-2\/"},"modified":"2025-09-24T13:49:02","modified_gmt":"2025-09-24T13:49:02","slug":"introduction","status":"publish","type":"page","link":"https:\/\/kaokella.ee\/en\/introduction\/","title":{"rendered":"Introduction"},"content":{"rendered":"<div class=\"clearfix\">\n<p><!--\n\n\n\n\n\n\n\n\n\n\n\n\n\n\n\n\n\n\n<div class=\"btnLine col-xs-12 col-sm-12 col-md-12 col-lg-12\"><a class=\"regularBtn\" href=\"https:\/\/youtu.be\/kvi-cku4ifY\" target=\"_blank\" rel=\"noopener noreferrer\">\u203a Vaata tutvustavat videot<\/a><\/div>\n\n\n\n\n\n\n\n\n\n\n\n\n\n\n\n\n\n\n--><br \/><!--\n\n\n\n\n\n\n\n\n\n\n\n\n\n\n\n\n\n\n<div class=\"btnLine col-xs-12 col-sm-12 col-md-12 col-lg-12\"><\/div>\n\n\n\n\n\n\n\n\n\n\n\n\n\n\n\n\n\n\n--><\/p>\n<div class=\"col-xs-12 col-sm-12 col-md-5 col-lg-5\">\n<p style=\"font-size: 150%;\"><strong>K\u00e4okella district\u2014a comfortable and peaceful home<\/strong><\/p>\n<p style=\"font-size: 150%;\">The K\u00e4okella residential district located on the outskirts of the Peetri small borough is just a short drive away from the \u00dclemiste shopping centre and the Tallinn city centre. The conveniences of the modern age and a secure living environment are brought together in this quiet and clean neighbourhood.<\/p>\n<p style=\"font-size: 150%;\"><strong>K\u00e4okella residential area, located in J\u00e4rvek\u00fcla, next to the homely and friendly Peetri small borough, is a place for those who dream of a modern home where they can wake every morning to birdsong, yet reach the city centre in a quarter of an hour.<\/strong><\/p>\n<\/div>\n<div class=\"col-xs-12 col-sm-12 col-md-7 col-lg-7\">\n<p>The J\u00e4rvek\u00fcla area has undergone rapid development over the last few years. The developer of the K\u00e4okella district built play and recreational areas for the K\u00e4okella 1b, Karusambla 3 and K\u00e4okella 4 properties, which are open to all, and offer plenty of active fun to both children and adults. The beautiful and modern J\u00e4rvek\u00fcla school, opened in 2016, is a short walk away from your future home, and welcomes all boys and girls. In September 2020, the borough opened the Kindluse School\u2014a lower secondary school with four parallel grades for 864 pupils. In 2015, the Aruheina kindergarten was opened in Peetri, and two of the J\u00e4rvek\u00fcla kindergarten\u2019s buildings in 2019.<\/p>\n<p>211 families have already found a home in the popular K\u00e4okella terraced, semi-detached houses and apartments.<\/p>\n<p>Next, one terraced house and seven semi-detached houses are being constructed at J\u00f5hvika tee. Each house has a terrace and private yard. The homes on J\u00f5hvika tee will be completed in the 3rd quarter of 2026. <\/p>\n<\/div>\n<div class=\"col-xs-12 col-sm-12 col-md-12 col-lg-12\">\n<div style=\"padding: 0 10px;\">\n<h3>Location map<\/h3>\n<p><img loading=\"lazy\" decoding=\"async\" class=\"alignnone wp-image-5025 size-large\" src=\"https:\/\/kaokella.ee\/wp-content\/uploads\/2025\/04\/Johvika-pin-id-min-1024x576.png\" alt=\"\" width=\"1024\" height=\"576\" srcset=\"https:\/\/kaokella.ee\/wp-content\/uploads\/2025\/04\/Johvika-pin-id-min-1024x576.png 1024w, https:\/\/kaokella.ee\/wp-content\/uploads\/2025\/04\/Johvika-pin-id-min-300x169.png 300w, https:\/\/kaokella.ee\/wp-content\/uploads\/2025\/04\/Johvika-pin-id-min-768x432.png 768w, https:\/\/kaokella.ee\/wp-content\/uploads\/2025\/04\/Johvika-pin-id-min.png 1280w\" sizes=\"auto, (max-width: 1024px) 100vw, 1024px\" \/><\/p>\n<\/div>\n<\/div>\n<div class=\"col-xs-12 col-sm-12 col-md-12 col-lg-12\"><img loading=\"lazy\" decoding=\"async\" class=\"alignnone wp-image-4809 size-large\" style=\"width: 24.7%; height: auto; padding: 10px;\" src=\"https:\/\/kaokella.ee\/wp-content\/uploads\/2025\/04\/Kaokella_Johvika_c2_0002-min-1-1024x683.jpg\" alt=\"\" width=\"1024\" height=\"683\" srcset=\"https:\/\/kaokella.ee\/wp-content\/uploads\/2025\/04\/Kaokella_Johvika_c2_0002-min-1-1024x683.jpg 1024w, https:\/\/kaokella.ee\/wp-content\/uploads\/2025\/04\/Kaokella_Johvika_c2_0002-min-1-300x200.jpg 300w, https:\/\/kaokella.ee\/wp-content\/uploads\/2025\/04\/Kaokella_Johvika_c2_0002-min-1-768x512.jpg 768w, https:\/\/kaokella.ee\/wp-content\/uploads\/2025\/04\/Kaokella_Johvika_c2_0002-min-1-1536x1024.jpg 1536w, https:\/\/kaokella.ee\/wp-content\/uploads\/2025\/04\/Kaokella_Johvika_c2_0002-min-1-2048x1365.jpg 2048w\" sizes=\"auto, (max-width: 1024px) 100vw, 1024px\" \/><img loading=\"lazy\" decoding=\"async\" class=\"alignnone wp-image-4779 size-large\" style=\"width: 24.7%; height: auto; padding: 10px;\" src=\"https:\/\/kaokella.ee\/wp-content\/uploads\/2025\/04\/Kaokella_Johvika_c1_0001-min-1024x683.jpg\" alt=\"\" width=\"1024\" height=\"683\" srcset=\"https:\/\/kaokella.ee\/wp-content\/uploads\/2025\/04\/Kaokella_Johvika_c1_0001-min-1024x683.jpg 1024w, https:\/\/kaokella.ee\/wp-content\/uploads\/2025\/04\/Kaokella_Johvika_c1_0001-min-300x200.jpg 300w, https:\/\/kaokella.ee\/wp-content\/uploads\/2025\/04\/Kaokella_Johvika_c1_0001-min-768x512.jpg 768w, https:\/\/kaokella.ee\/wp-content\/uploads\/2025\/04\/Kaokella_Johvika_c1_0001-min-1536x1024.jpg 1536w, https:\/\/kaokella.ee\/wp-content\/uploads\/2025\/04\/Kaokella_Johvika_c1_0001-min-2048x1365.jpg 2048w\" sizes=\"auto, (max-width: 1024px) 100vw, 1024px\" \/><img loading=\"lazy\" decoding=\"async\" class=\"alignnone wp-image-4788 size-large\" style=\"width: 24.7%; height: auto; padding: 10px;\" src=\"https:\/\/kaokella.ee\/wp-content\/uploads\/2025\/04\/Kaokella_Johvika_c4_0004-min-1024x683.jpg\" alt=\"\" width=\"1024\" height=\"683\" srcset=\"https:\/\/kaokella.ee\/wp-content\/uploads\/2025\/04\/Kaokella_Johvika_c4_0004-min-1024x683.jpg 1024w, https:\/\/kaokella.ee\/wp-content\/uploads\/2025\/04\/Kaokella_Johvika_c4_0004-min-300x200.jpg 300w, https:\/\/kaokella.ee\/wp-content\/uploads\/2025\/04\/Kaokella_Johvika_c4_0004-min-768x512.jpg 768w, https:\/\/kaokella.ee\/wp-content\/uploads\/2025\/04\/Kaokella_Johvika_c4_0004-min-1536x1024.jpg 1536w, https:\/\/kaokella.ee\/wp-content\/uploads\/2025\/04\/Kaokella_Johvika_c4_0004-min-2048x1365.jpg 2048w\" sizes=\"auto, (max-width: 1024px) 100vw, 1024px\" \/><img loading=\"lazy\" decoding=\"async\" class=\"alignnone wp-image-4785 size-large\" style=\"width: 24.7%; height: auto; padding: 10px;\" src=\"https:\/\/kaokella.ee\/wp-content\/uploads\/2025\/04\/Kaokella_Johvika_c3_0003-min-1024x683.jpg\" alt=\"\" width=\"1024\" height=\"683\" srcset=\"https:\/\/kaokella.ee\/wp-content\/uploads\/2025\/04\/Kaokella_Johvika_c3_0003-min-1024x683.jpg 1024w, https:\/\/kaokella.ee\/wp-content\/uploads\/2025\/04\/Kaokella_Johvika_c3_0003-min-300x200.jpg 300w, https:\/\/kaokella.ee\/wp-content\/uploads\/2025\/04\/Kaokella_Johvika_c3_0003-min-768x512.jpg 768w, https:\/\/kaokella.ee\/wp-content\/uploads\/2025\/04\/Kaokella_Johvika_c3_0003-min-1536x1024.jpg 1536w, https:\/\/kaokella.ee\/wp-content\/uploads\/2025\/04\/Kaokella_Johvika_c3_0003-min-2048x1365.jpg 2048w\" sizes=\"auto, (max-width: 1024px) 100vw, 1024px\" \/><\/div>\n<\/div>\n\n\n<p>*The images used on the homepage are illustrative and may differ from the final developed living environment.<\/p>\n","protected":false},"excerpt":{"rendered":"<p>K\u00e4okella district\u2014a comfortable and peaceful home The K\u00e4okella residential district located on the outskirts of the Peetri small borough is just a short drive away from the \u00dclemiste shopping centre and the Tallinn city centre. The conveniences of the modern age and a secure living environment are brought together in this quiet and clean neighbourhood. [&hellip;]<\/p>\n","protected":false},"author":1,"featured_media":0,"parent":0,"menu_order":22,"comment_status":"open","ping_status":"open","template":"","meta":{"_acf_changed":false,"footnotes":""},"class_list":["post-40","page","type-page","status-publish","hentry"],"acf":[],"yoast_head":"<!-- This site is optimized with the Yoast SEO plugin v27.2 - https:\/\/yoast.com\/product\/yoast-seo-wordpress\/ -->\n<title>Introduction - K\u00e4okella elurajoon<\/title>\n<meta name=\"robots\" content=\"index, follow, max-snippet:-1, max-image-preview:large, max-video-preview:-1\" \/>\n<link rel=\"canonical\" href=\"https:\/\/kaokella.ee\/en\/introduction\/\" \/>\n<meta property=\"og:locale\" content=\"en_US\" \/>\n<meta property=\"og:type\" content=\"article\" \/>\n<meta property=\"og:title\" content=\"Introduction - K\u00e4okella elurajoon\" \/>\n<meta property=\"og:description\" content=\"K\u00e4okella district\u2014a comfortable and peaceful home The K\u00e4okella residential district located on the outskirts of the Peetri small borough is just a short drive away from the \u00dclemiste shopping centre and the Tallinn city centre. The conveniences of the modern age and a secure living environment are brought together in this quiet and clean neighbourhood. [&hellip;]\" \/>\n<meta property=\"og:url\" content=\"https:\/\/kaokella.ee\/en\/introduction\/\" \/>\n<meta property=\"og:site_name\" content=\"K\u00e4okella elurajoon\" \/>\n<meta property=\"article:modified_time\" content=\"2025-09-24T13:49:02+00:00\" \/>\n<meta property=\"og:image\" content=\"https:\/\/kaokella.ee\/wp-content\/uploads\/2025\/04\/Johvika-pin-id-min.png\" \/>\n\t<meta property=\"og:image:width\" content=\"1280\" \/>\n\t<meta property=\"og:image:height\" content=\"720\" \/>\n\t<meta property=\"og:image:type\" content=\"image\/png\" \/>\n<meta name=\"twitter:card\" content=\"summary_large_image\" \/>\n<meta name=\"twitter:label1\" content=\"Est. reading time\" \/>\n\t<meta name=\"twitter:data1\" content=\"3 minutes\" \/>\n<script type=\"application\/ld+json\" class=\"yoast-schema-graph\">{\"@context\":\"https:\/\/schema.org\",\"@graph\":[{\"@type\":\"WebPage\",\"@id\":\"https:\/\/kaokella.ee\/en\/introduction\/\",\"url\":\"https:\/\/kaokella.ee\/en\/introduction\/\",\"name\":\"Introduction - K\u00e4okella elurajoon\",\"isPartOf\":{\"@id\":\"https:\/\/kaokella.ee\/#website\"},\"primaryImageOfPage\":{\"@id\":\"https:\/\/kaokella.ee\/en\/introduction\/#primaryimage\"},\"image\":{\"@id\":\"https:\/\/kaokella.ee\/en\/introduction\/#primaryimage\"},\"thumbnailUrl\":\"https:\/\/kaokella.ee\/wp-content\/uploads\/2025\/04\/Johvika-pin-id-min-1024x576.png\",\"datePublished\":\"2015-05-05T12:59:59+00:00\",\"dateModified\":\"2025-09-24T13:49:02+00:00\",\"breadcrumb\":{\"@id\":\"https:\/\/kaokella.ee\/en\/introduction\/#breadcrumb\"},\"inLanguage\":\"en-US\",\"potentialAction\":[{\"@type\":\"ReadAction\",\"target\":[\"https:\/\/kaokella.ee\/en\/introduction\/\"]}]},{\"@type\":\"ImageObject\",\"inLanguage\":\"en-US\",\"@id\":\"https:\/\/kaokella.ee\/en\/introduction\/#primaryimage\",\"url\":\"https:\/\/kaokella.ee\/wp-content\/uploads\/2025\/04\/Johvika-pin-id-min-1024x576.png\",\"contentUrl\":\"https:\/\/kaokella.ee\/wp-content\/uploads\/2025\/04\/Johvika-pin-id-min-1024x576.png\"},{\"@type\":\"BreadcrumbList\",\"@id\":\"https:\/\/kaokella.ee\/en\/introduction\/#breadcrumb\",\"itemListElement\":[{\"@type\":\"ListItem\",\"position\":1,\"name\":\"Home\",\"item\":\"https:\/\/kaokella.ee\/en\/\"},{\"@type\":\"ListItem\",\"position\":2,\"name\":\"Introduction\"}]},{\"@type\":\"WebSite\",\"@id\":\"https:\/\/kaokella.ee\/#website\",\"url\":\"https:\/\/kaokella.ee\/\",\"name\":\"K\u00e4okella elurajoon\",\"description\":\"K\u00e4okella elurajoon - Sinu rahulik kodu\",\"potentialAction\":[{\"@type\":\"SearchAction\",\"target\":{\"@type\":\"EntryPoint\",\"urlTemplate\":\"https:\/\/kaokella.ee\/?s={search_term_string}\"},\"query-input\":{\"@type\":\"PropertyValueSpecification\",\"valueRequired\":true,\"valueName\":\"search_term_string\"}}],\"inLanguage\":\"en-US\"}]}<\/script>\n<!-- \/ Yoast SEO plugin. -->","yoast_head_json":{"title":"Introduction - K\u00e4okella elurajoon","robots":{"index":"index","follow":"follow","max-snippet":"max-snippet:-1","max-image-preview":"max-image-preview:large","max-video-preview":"max-video-preview:-1"},"canonical":"https:\/\/kaokella.ee\/en\/introduction\/","og_locale":"en_US","og_type":"article","og_title":"Introduction - K\u00e4okella elurajoon","og_description":"K\u00e4okella district\u2014a comfortable and peaceful home The K\u00e4okella residential district located on the outskirts of the Peetri small borough is just a short drive away from the \u00dclemiste shopping centre and the Tallinn city centre. The conveniences of the modern age and a secure living environment are brought together in this quiet and clean neighbourhood. [&hellip;]","og_url":"https:\/\/kaokella.ee\/en\/introduction\/","og_site_name":"K\u00e4okella elurajoon","article_modified_time":"2025-09-24T13:49:02+00:00","og_image":[{"width":1280,"height":720,"url":"https:\/\/kaokella.ee\/wp-content\/uploads\/2025\/04\/Johvika-pin-id-min.png","type":"image\/png"}],"twitter_card":"summary_large_image","twitter_misc":{"Est. reading time":"3 minutes"},"schema":{"@context":"https:\/\/schema.org","@graph":[{"@type":"WebPage","@id":"https:\/\/kaokella.ee\/en\/introduction\/","url":"https:\/\/kaokella.ee\/en\/introduction\/","name":"Introduction - K\u00e4okella elurajoon","isPartOf":{"@id":"https:\/\/kaokella.ee\/#website"},"primaryImageOfPage":{"@id":"https:\/\/kaokella.ee\/en\/introduction\/#primaryimage"},"image":{"@id":"https:\/\/kaokella.ee\/en\/introduction\/#primaryimage"},"thumbnailUrl":"https:\/\/kaokella.ee\/wp-content\/uploads\/2025\/04\/Johvika-pin-id-min-1024x576.png","datePublished":"2015-05-05T12:59:59+00:00","dateModified":"2025-09-24T13:49:02+00:00","breadcrumb":{"@id":"https:\/\/kaokella.ee\/en\/introduction\/#breadcrumb"},"inLanguage":"en-US","potentialAction":[{"@type":"ReadAction","target":["https:\/\/kaokella.ee\/en\/introduction\/"]}]},{"@type":"ImageObject","inLanguage":"en-US","@id":"https:\/\/kaokella.ee\/en\/introduction\/#primaryimage","url":"https:\/\/kaokella.ee\/wp-content\/uploads\/2025\/04\/Johvika-pin-id-min-1024x576.png","contentUrl":"https:\/\/kaokella.ee\/wp-content\/uploads\/2025\/04\/Johvika-pin-id-min-1024x576.png"},{"@type":"BreadcrumbList","@id":"https:\/\/kaokella.ee\/en\/introduction\/#breadcrumb","itemListElement":[{"@type":"ListItem","position":1,"name":"Home","item":"https:\/\/kaokella.ee\/en\/"},{"@type":"ListItem","position":2,"name":"Introduction"}]},{"@type":"WebSite","@id":"https:\/\/kaokella.ee\/#website","url":"https:\/\/kaokella.ee\/","name":"K\u00e4okella elurajoon","description":"K\u00e4okella elurajoon - Sinu rahulik kodu","potentialAction":[{"@type":"SearchAction","target":{"@type":"EntryPoint","urlTemplate":"https:\/\/kaokella.ee\/?s={search_term_string}"},"query-input":{"@type":"PropertyValueSpecification","valueRequired":true,"valueName":"search_term_string"}}],"inLanguage":"en-US"}]}},"_links":{"self":[{"href":"https:\/\/kaokella.ee\/en\/wp-json\/wp\/v2\/pages\/40","targetHints":{"allow":["GET"]}}],"collection":[{"href":"https:\/\/kaokella.ee\/en\/wp-json\/wp\/v2\/pages"}],"about":[{"href":"https:\/\/kaokella.ee\/en\/wp-json\/wp\/v2\/types\/page"}],"author":[{"embeddable":true,"href":"https:\/\/kaokella.ee\/en\/wp-json\/wp\/v2\/users\/1"}],"replies":[{"embeddable":true,"href":"https:\/\/kaokella.ee\/en\/wp-json\/wp\/v2\/comments?post=40"}],"version-history":[{"count":0,"href":"https:\/\/kaokella.ee\/en\/wp-json\/wp\/v2\/pages\/40\/revisions"}],"wp:attachment":[{"href":"https:\/\/kaokella.ee\/en\/wp-json\/wp\/v2\/media?parent=40"}],"curies":[{"name":"wp","href":"https:\/\/api.w.org\/{rel}","templated":true}]}}